{"id":9531,"date":"2024-09-04T08:43:15","date_gmt":"2024-09-04T12:43:15","guid":{"rendered":"https:\/\/pyninja.mbm24.net\/?page_id=9531"},"modified":"2024-09-04T11:45:41","modified_gmt":"2024-09-04T15:45:41","slug":"spendeseite","status":"publish","type":"page","link":"https:\/\/pyninja.mbm24.net\/nl\/spendeseite\/","title":{"rendered":"Donatie pagina"},"content":{"rendered":"\n<div class=\"wp-block-columns is-layout-flex wp-container-core-columns-is-layout-9d6595d7 wp-block-columns-is-layout-flex\">\n<div class=\"wp-block-column is-layout-flow wp-block-column-is-layout-flow\" style=\"flex-basis:50%\">\n<p>Wenn Dir gef\u00e4llt was wir hier tun, dann w\u00fcrden wir uns \u00fcber Deine Spende natr\u00fcrlich sehr freuen.<\/p>\n<\/div>\n\n\n\n<div class=\"wp-block-column is-layout-flow wp-block-column-is-layout-flow\" style=\"flex-basis:25%\"><p>[mcc_donations alignment=&#8220;&#8220; currencies=&#8220;BTC,LINK,LTC,XMR,USDC&#8220; primary_currency=&#8220;BTC&#8220; show_currencies_as_icons=&#8220;1&#8243; show_currencies_as_select=&#8220;1&#8243; show_currency_as_text=&#8220;1&#8243; show_address=&#8220;1&#8243; qr_code_enabled=&#8220;1&#8243; qr_code_max_width=&#8220;180&#8243;]<\/p>\n<\/div>\n\n\n\n<div class=\"wp-block-column is-layout-flow wp-block-column-is-layout-flow\" style=\"flex-basis:25%\"><\/div>\n<\/div>\n","protected":false},"excerpt":{"rendered":"<p>Wenn Dir gef\u00e4llt was wir hier tun, dann w\u00fcrden wir uns \u00fcber Deine Spende natr\u00fcrlich sehr freuen.<\/p>","protected":false},"author":1,"featured_media":0,"parent":0,"menu_order":0,"comment_status":"closed","ping_status":"closed","template":"","meta":{"footnotes":""},"class_list":["post-9531","page","type-page","status-publish","hentry"],"_links":{"self":[{"href":"https:\/\/pyninja.mbm24.net\/nl\/wp-json\/wp\/v2\/pages\/9531","targetHints":{"allow":["GET"]}}],"collection":[{"href":"https:\/\/pyninja.mbm24.net\/nl\/wp-json\/wp\/v2\/pages"}],"about":[{"href":"https:\/\/pyninja.mbm24.net\/nl\/wp-json\/wp\/v2\/types\/page"}],"author":[{"embeddable":true,"href":"https:\/\/pyninja.mbm24.net\/nl\/wp-json\/wp\/v2\/users\/1"}],"replies":[{"embeddable":true,"href":"https:\/\/pyninja.mbm24.net\/nl\/wp-json\/wp\/v2\/comments?post=9531"}],"version-history":[{"count":6,"href":"https:\/\/pyninja.mbm24.net\/nl\/wp-json\/wp\/v2\/pages\/9531\/revisions"}],"predecessor-version":[{"id":9540,"href":"https:\/\/pyninja.mbm24.net\/nl\/wp-json\/wp\/v2\/pages\/9531\/revisions\/9540"}],"wp:attachment":[{"href":"https:\/\/pyninja.mbm24.net\/nl\/wp-json\/wp\/v2\/media?parent=9531"}],"curies":[{"name":"wp","href":"https:\/\/api.w.org\/{rel}","templated":true}]}}